{"id":408,"date":"2013-02-01T16:02:26","date_gmt":"2013-02-01T15:02:26","guid":{"rendered":"http:\/\/zeniaboulevard.es\/blog\/?page_id=408"},"modified":"2013-02-01T16:02:26","modified_gmt":"2013-02-01T15:02:26","slug":"zenia-boulevard","status":"publish","type":"page","link":"https:\/\/zeniaboulevard.es\/blog\/zenia-boulevard","title":{"rendered":"Conoce Zenia Boulevard"},"content":{"rendered":"<p style=\"text-align: justify;\"><strong>Zenia Boulevard<\/strong> es el Centro Comercial m\u00e1s grande de la provincia de Alicante.<\/p>\n<p style=\"text-align: justify;\">Nuestros clientes y visitantes dicen de nosotros que somos como una ciudad, con nuestras calles, nuestras plazas, fuentes y <strong>eventos diarios<\/strong> que <strong>dan vida a Zenia Boulevard y lo hacen diferente<\/strong>.<\/p>\n<div id=\"attachment_411\" style=\"width: 594px\" class=\"wp-caption aligncenter\"><a href=\"https:\/\/zeniaboulevard.es\/blog\/wp-content\/uploads\/2013\/02\/Imagen2.jpg\"><img decoding=\"async\" aria-describedby=\"caption-attachment-411\" class=\"size-large wp-image-411\" title=\"Centro Comercial Zenia Boulevard\" src=\"https:\/\/zeniaboulevard.es\/blog\/wp-content\/uploads\/2013\/02\/Imagen2-1024x720.jpg\" alt=\"Centro Comercial Zenia Boulevard. Calle de los Arcos\" width=\"584\" height=\"410\" \/><\/a><p id=\"caption-attachment-411\" class=\"wp-caption-text\">Centro Comercial Zenia Boulevard. Calle de los Arcos<\/p><\/div>\n<p style=\"text-align: justify;\">Es un Centro Comercial concebido para el visitante, para que disfrute, juegue y se divierta. Tenemos muchos bancos, una <strong>vegetaci\u00f3n<\/strong> preciosa con m\u00e1s de 90 especies diferentes, un <strong>parque saludable<\/strong>\u00a0gratuito para hacer ejercicio, una <strong>pantalla gigante<\/strong> en la que ponemos los eventos deportivos m\u00e1s interesantes y un escenario en el que hacemos conciertos gratuitos y por supuesto \u00a1150 tiendas!.<\/p>\n<div id=\"attachment_412\" style=\"width: 594px\" class=\"wp-caption aligncenter\"><a href=\"https:\/\/zeniaboulevard.es\/blog\/wp-content\/uploads\/2013\/02\/Imagen1.jpg\"><img decoding=\"async\" aria-describedby=\"caption-attachment-412\" class=\"size-large wp-image-412\" title=\"Centro Comercial Zenia Boulevard.\" src=\"https:\/\/zeniaboulevard.es\/blog\/wp-content\/uploads\/2013\/02\/Imagen1-1024x723.jpg\" alt=\"Centro Comercial Zenia Boulevard. Plaza Mayor.\" width=\"584\" height=\"412\" \/><\/a><p id=\"caption-attachment-412\" class=\"wp-caption-text\">Centro Comercial Zenia Boulevard. Plaza Mayor.<\/p><\/div>\n<p style=\"text-align: justify;\">Alcampo, Decathlon, Primark, Leroy Merlin, Conforama, Media Markt, Zara con su nueva imagen, Lefties, H&amp;M, C&amp;A, Massimo Dutti, etc. y tambi\u00e9n contamos con tiendas m\u00e1s exclusivas para que os pod\u00e1is dar alg\u00fan caprichito como Guess, Geox, V\u00eda di Milano (Armani, Dolce &amp; Gabbana, etc.), Astoria (Meex, Hogo Boss, CK), Z&amp;A (Tommy y Lacoste), etc. Adem\u00e1s de que tenemos tiendas especializadas para ni\u00f1os y beb\u00e9s (Tutto Picolo, Mayoral, Zippy, Babv Center Pekes), para mascotas, etc.<\/p>\n<p style=\"text-align: justify;\">Estamos en <strong>Orihuela Costa<\/strong> en la Zenia <strong>y desde la Plaza Mayor del Centro Comercial podemos ver el mar<\/strong>. En algunos de nuestros restaurantes hay una muy buena vista y muy relajante.<\/p>\n<div id=\"attachment_415\" style=\"width: 839px\" class=\"wp-caption aligncenter\"><a href=\"https:\/\/zeniaboulevard.es\/blog\/wp-content\/uploads\/2013\/02\/Zenia-Boulevard-Nov-2012-287.jpg\"><img decoding=\"async\" aria-describedby=\"caption-attachment-415\" class=\"size-full wp-image-415\" title=\"Zenia Boulevard y el mar\" src=\"https:\/\/zeniaboulevard.es\/blog\/wp-content\/uploads\/2013\/02\/Zenia-Boulevard-Nov-2012-287.jpg\" alt=\"Zenia Boulevard y el mar\" width=\"829\" height=\"622\" \/><\/a><p id=\"caption-attachment-415\" class=\"wp-caption-text\">Desde la restauraci\u00f3n de Zenia Boulevard podemos ver el mar. Muy relajante mientras tomamos un refresco, comemos un delicioso arroz o un caf\u00e9<\/p><\/div>\n<p style=\"text-align: justify;\">Situados a 10 minutos de Torrevieja, a 5 minutos de Campoamor, 30 minutos de Cartagena, 55 minutos de Murcia, 37 minutos de Elche, 47 minutos de Alicante, 15 minutos de San Javier, <strong>es un destino ideal para pasar un d\u00eda de lo m\u00e1s divertido con la mejor compa\u00f1\u00eda.<\/strong><\/p>\n<p><a href=\"https:\/\/zeniaboulevard.es\/blog\/wp-content\/uploads\/2013\/02\/actuaciones1.jpg\"><img decoding=\"async\" class=\"aligncenter size-large wp-image-414\" title=\"actuaciones1\" src=\"https:\/\/zeniaboulevard.es\/blog\/wp-content\/uploads\/2013\/02\/actuaciones1-1024x722.jpg\" alt=\"\" width=\"584\" height=\"411\" \/><\/a><\/p>\n<p><a href=\"https:\/\/maps.google.es\/?mid=1359729914\" target=\"_blank\">C\u00f3mo llegar<\/a><\/p>\n<p>M\u00e1s informaci\u00f3n: www.zeniaboulevard.es<br \/>\nTel. +34 966 76 15 30<br \/>\nclientes@zeniaboulevard.es<\/p>\n","protected":false},"excerpt":{"rendered":"<p>Zenia Boulevard es el Centro Comercial m\u00e1s grande de la provincia de Alicante. Nuestros clientes y visitantes dicen de nosotros que somos como una ciudad, con nuestras calles, nuestras plazas, fuentes y eventos diarios que dan vida a Zenia Boulevard y lo hacen diferente. Es un Centro Comercial concebido para el visitante, para que disfrute, [&hellip;]<\/p>\n","protected":false},"author":2,"featured_media":0,"parent":0,"menu_order":2,"comment_status":"open","ping_status":"open","template":"","meta":{"content-type":"","footnotes":""},"class_list":["post-408","page","type-page","status-publish","hentry"],"yoast_head":"<!-- This site is optimized with the Yoast SEO plugin v26.2 - https:\/\/yoast.com\/wordpress\/plugins\/seo\/ -->\n<title>Conoce Zenia Boulevard - Blog de Zenia Boulevard: descubre nuestras novedades<\/title>\n<meta name=\"robots\" content=\"index, follow, max-snippet:-1, max-image-preview:large, max-video-preview:-1\" \/>\n<link rel=\"canonical\" href=\"https:\/\/zeniaboulevard.es\/blog\/zenia-boulevard\" \/>\n<meta property=\"og:locale\" content=\"es_ES\" \/>\n<meta property=\"og:type\" content=\"article\" \/>\n<meta property=\"og:title\" content=\"Conoce Zenia Boulevard - Blog de Zenia Boulevard: descubre nuestras novedades\" \/>\n<meta property=\"og:description\" content=\"Zenia Boulevard es el Centro Comercial m\u00e1s grande de la provincia de Alicante. Nuestros clientes y visitantes dicen de nosotros que somos como una ciudad, con nuestras calles, nuestras plazas, fuentes y eventos diarios que dan vida a Zenia Boulevard y lo hacen diferente. Es un Centro Comercial concebido para el visitante, para que disfrute, [&hellip;]\" \/>\n<meta property=\"og:url\" content=\"https:\/\/zeniaboulevard.es\/blog\/zenia-boulevard\" \/>\n<meta property=\"og:site_name\" content=\"Blog de Zenia Boulevard: descubre nuestras novedades\" \/>\n<meta property=\"og:image\" content=\"https:\/\/zeniaboulevard.es\/blog\/wp-content\/uploads\/2013\/02\/Imagen2-1024x720.jpg\" \/>\n<meta name=\"twitter:card\" content=\"summary_large_image\" \/>\n<meta name=\"twitter:label1\" content=\"Tiempo de lectura\" \/>\n\t<meta name=\"twitter:data1\" content=\"2 minutos\" \/>\n<script type=\"application\/ld+json\" class=\"yoast-schema-graph\">{\"@context\":\"https:\/\/schema.org\",\"@graph\":[{\"@type\":\"WebPage\",\"@id\":\"https:\/\/zeniaboulevard.es\/blog\/zenia-boulevard\",\"url\":\"https:\/\/zeniaboulevard.es\/blog\/zenia-boulevard\",\"name\":\"Conoce Zenia Boulevard - Blog de Zenia Boulevard: descubre nuestras novedades\",\"isPartOf\":{\"@id\":\"https:\/\/zeniaboulevard.es\/blog\/#website\"},\"primaryImageOfPage\":{\"@id\":\"https:\/\/zeniaboulevard.es\/blog\/zenia-boulevard#primaryimage\"},\"image\":{\"@id\":\"https:\/\/zeniaboulevard.es\/blog\/zenia-boulevard#primaryimage\"},\"thumbnailUrl\":\"https:\/\/zeniaboulevard.es\/blog\/wp-content\/uploads\/2013\/02\/Imagen2-1024x720.jpg\",\"datePublished\":\"2013-02-01T15:02:26+00:00\",\"breadcrumb\":{\"@id\":\"https:\/\/zeniaboulevard.es\/blog\/zenia-boulevard#breadcrumb\"},\"inLanguage\":\"es\",\"potentialAction\":[{\"@type\":\"ReadAction\",\"target\":[\"https:\/\/zeniaboulevard.es\/blog\/zenia-boulevard\"]}]},{\"@type\":\"ImageObject\",\"inLanguage\":\"es\",\"@id\":\"https:\/\/zeniaboulevard.es\/blog\/zenia-boulevard#primaryimage\",\"url\":\"\",\"contentUrl\":\"\"},{\"@type\":\"BreadcrumbList\",\"@id\":\"https:\/\/zeniaboulevard.es\/blog\/zenia-boulevard#breadcrumb\",\"itemListElement\":[{\"@type\":\"ListItem\",\"position\":1,\"name\":\"Portada\",\"item\":\"https:\/\/zeniaboulevard.es\/blog\/\"},{\"@type\":\"ListItem\",\"position\":2,\"name\":\"Conoce Zenia Boulevard\"}]},{\"@type\":\"WebSite\",\"@id\":\"https:\/\/zeniaboulevard.es\/blog\/#website\",\"url\":\"https:\/\/zeniaboulevard.es\/blog\/\",\"name\":\"Blog de Zenia Boulevard: descubre nuestras novedades\",\"description\":\"En el blog de Zenia Boulevard encontrar\u00e1s nuestras novedades, todo lo que te tengamos que contar sobre el centro, nuestros locales y qu\u00e9 hacer en la zona\",\"potentialAction\":[{\"@type\":\"SearchAction\",\"target\":{\"@type\":\"EntryPoint\",\"urlTemplate\":\"https:\/\/zeniaboulevard.es\/blog\/?s={search_term_string}\"},\"query-input\":{\"@type\":\"PropertyValueSpecification\",\"valueRequired\":true,\"valueName\":\"search_term_string\"}}],\"inLanguage\":\"es\"}]}<\/script>\n<!-- \/ Yoast SEO plugin. -->","yoast_head_json":{"title":"Conoce Zenia Boulevard - Blog de Zenia Boulevard: descubre nuestras novedades","robots":{"index":"index","follow":"follow","max-snippet":"max-snippet:-1","max-image-preview":"max-image-preview:large","max-video-preview":"max-video-preview:-1"},"canonical":"https:\/\/zeniaboulevard.es\/blog\/zenia-boulevard","og_locale":"es_ES","og_type":"article","og_title":"Conoce Zenia Boulevard - Blog de Zenia Boulevard: descubre nuestras novedades","og_description":"Zenia Boulevard es el Centro Comercial m\u00e1s grande de la provincia de Alicante. Nuestros clientes y visitantes dicen de nosotros que somos como una ciudad, con nuestras calles, nuestras plazas, fuentes y eventos diarios que dan vida a Zenia Boulevard y lo hacen diferente. Es un Centro Comercial concebido para el visitante, para que disfrute, [&hellip;]","og_url":"https:\/\/zeniaboulevard.es\/blog\/zenia-boulevard","og_site_name":"Blog de Zenia Boulevard: descubre nuestras novedades","og_image":[{"url":"https:\/\/zeniaboulevard.es\/blog\/wp-content\/uploads\/2013\/02\/Imagen2-1024x720.jpg","type":"","width":"","height":""}],"twitter_card":"summary_large_image","twitter_misc":{"Tiempo de lectura":"2 minutos"},"schema":{"@context":"https:\/\/schema.org","@graph":[{"@type":"WebPage","@id":"https:\/\/zeniaboulevard.es\/blog\/zenia-boulevard","url":"https:\/\/zeniaboulevard.es\/blog\/zenia-boulevard","name":"Conoce Zenia Boulevard - Blog de Zenia Boulevard: descubre nuestras novedades","isPartOf":{"@id":"https:\/\/zeniaboulevard.es\/blog\/#website"},"primaryImageOfPage":{"@id":"https:\/\/zeniaboulevard.es\/blog\/zenia-boulevard#primaryimage"},"image":{"@id":"https:\/\/zeniaboulevard.es\/blog\/zenia-boulevard#primaryimage"},"thumbnailUrl":"https:\/\/zeniaboulevard.es\/blog\/wp-content\/uploads\/2013\/02\/Imagen2-1024x720.jpg","datePublished":"2013-02-01T15:02:26+00:00","breadcrumb":{"@id":"https:\/\/zeniaboulevard.es\/blog\/zenia-boulevard#breadcrumb"},"inLanguage":"es","potentialAction":[{"@type":"ReadAction","target":["https:\/\/zeniaboulevard.es\/blog\/zenia-boulevard"]}]},{"@type":"ImageObject","inLanguage":"es","@id":"https:\/\/zeniaboulevard.es\/blog\/zenia-boulevard#primaryimage","url":"","contentUrl":""},{"@type":"BreadcrumbList","@id":"https:\/\/zeniaboulevard.es\/blog\/zenia-boulevard#breadcrumb","itemListElement":[{"@type":"ListItem","position":1,"name":"Portada","item":"https:\/\/zeniaboulevard.es\/blog\/"},{"@type":"ListItem","position":2,"name":"Conoce Zenia Boulevard"}]},{"@type":"WebSite","@id":"https:\/\/zeniaboulevard.es\/blog\/#website","url":"https:\/\/zeniaboulevard.es\/blog\/","name":"Blog de Zenia Boulevard: descubre nuestras novedades","description":"En el blog de Zenia Boulevard encontrar\u00e1s nuestras novedades, todo lo que te tengamos que contar sobre el centro, nuestros locales y qu\u00e9 hacer en la zona","potentialAction":[{"@type":"SearchAction","target":{"@type":"EntryPoint","urlTemplate":"https:\/\/zeniaboulevard.es\/blog\/?s={search_term_string}"},"query-input":{"@type":"PropertyValueSpecification","valueRequired":true,"valueName":"search_term_string"}}],"inLanguage":"es"}]}},"_links":{"self":[{"href":"https:\/\/zeniaboulevard.es\/blog\/wp-json\/wp\/v2\/pages\/408","targetHints":{"allow":["GET"]}}],"collection":[{"href":"https:\/\/zeniaboulevard.es\/blog\/wp-json\/wp\/v2\/pages"}],"about":[{"href":"https:\/\/zeniaboulevard.es\/blog\/wp-json\/wp\/v2\/types\/page"}],"author":[{"embeddable":true,"href":"https:\/\/zeniaboulevard.es\/blog\/wp-json\/wp\/v2\/users\/2"}],"replies":[{"embeddable":true,"href":"https:\/\/zeniaboulevard.es\/blog\/wp-json\/wp\/v2\/comments?post=408"}],"version-history":[{"count":0,"href":"https:\/\/zeniaboulevard.es\/blog\/wp-json\/wp\/v2\/pages\/408\/revisions"}],"wp:attachment":[{"href":"https:\/\/zeniaboulevard.es\/blog\/wp-json\/wp\/v2\/media?parent=408"}],"curies":[{"name":"wp","href":"https:\/\/api.w.org\/{rel}","templated":true}]}}